{"id":23,"date":"2013-05-28T14:40:00","date_gmt":"2013-05-28T12:40:00","guid":{"rendered":"http:\/\/derechointernacionalprivado.umh.es\/investigacion\/proyectos\/los-desafios-juridicos-de-internet-para-la-proteccion-de-los-datos-personales-hacia-un-marco-normativo-de-tercera-generacion\/"},"modified":"2013-05-28T14:40:00","modified_gmt":"2013-05-28T12:40:00","slug":"los-desafios-juridicos-de-internet-para-la-proteccion-de-los-datos-personales-hacia-un-marco-normativo-de-tercera-generacion","status":"publish","type":"page","link":"https:\/\/derechointernacionalprivado.umh.es\/en\/investigacion\/proyectos\/los-desafios-juridicos-de-internet-para-la-proteccion-de-los-datos-personales-hacia-un-marco-normativo-de-tercera-generacion\/","title":{"rendered":"<span lang=\"es\">(Espa\u00f1ol) Los desaf\u00edos jur\u00eddicos de Internet para la protecci\u00f3n de los datos personales: hacia un marco normativo de tercera generaci\u00f3n<\/span>"},"content":{"rendered":"<p class=\"qtranxs-available-languages-message qtranxs-available-languages-message-en\">Sorry, this entry is only available in <a href=\"https:\/\/derechointernacionalprivado.umh.es\/es\/wp-json\/wp\/v2\/pages\/23\" class=\"qtranxs-available-language-link qtranxs-available-language-link-es\" title=\"Espa\u00f1ol\">European Spanish<\/a>.<\/p>","protected":false},"excerpt":{"rendered":"<p>Sorry, this entry is only available in European Spanish.<\/p>\n","protected":false},"author":2794,"featured_media":0,"parent":18,"menu_order":0,"comment_status":"closed","ping_status":"open","template":"","meta":{"_links_to":"","_links_to_target":""},"_links":{"self":[{"href":"https:\/\/derechointernacionalprivado.umh.es\/en\/wp-json\/wp\/v2\/pages\/23"}],"collection":[{"href":"https:\/\/derechointernacionalprivado.umh.es\/en\/wp-json\/wp\/v2\/pages"}],"about":[{"href":"https:\/\/derechointernacionalprivado.umh.es\/en\/wp-json\/wp\/v2\/types\/page"}],"author":[{"embeddable":true,"href":"https:\/\/derechointernacionalprivado.umh.es\/en\/wp-json\/wp\/v2\/users\/2794"}],"replies":[{"embeddable":true,"href":"https:\/\/derechointernacionalprivado.umh.es\/en\/wp-json\/wp\/v2\/comments?post=23"}],"version-history":[{"count":0,"href":"https:\/\/derechointernacionalprivado.umh.es\/en\/wp-json\/wp\/v2\/pages\/23\/revisions"}],"up":[{"embeddable":true,"href":"https:\/\/derechointernacionalprivado.umh.es\/en\/wp-json\/wp\/v2\/pages\/18"}],"wp:attachment":[{"href":"https:\/\/derechointernacionalprivado.umh.es\/en\/wp-json\/wp\/v2\/media?parent=23"}],"curies":[{"name":"wp","href":"https:\/\/api.w.org\/{rel}","templated":true}]}}