{"id":21,"date":"2013-05-28T14:36:54","date_gmt":"2013-05-28T12:36:54","guid":{"rendered":"http:\/\/derechointernacionalprivado.umh.es\/investigacion\/proyectos\/proyecto-de-i-d-%e2%80%9cmarco-socio-juridico-de-la-integracion-social-de-los-inmigrantes-estudio-de-derecho-comparado-y-puntual-atencion-a-la-provincia-de-alicante%e2%80%9d\/"},"modified":"2013-05-28T14:36:54","modified_gmt":"2013-05-28T12:36:54","slug":"proyecto-de-i-d-%e2%80%9cmarco-socio-juridico-de-la-integracion-social-de-los-inmigrantes-estudio-de-derecho-comparado-y-puntual-atencion-a-la-provincia-de-alicante%e2%80%9d","status":"publish","type":"page","link":"https:\/\/derechointernacionalprivado.umh.es\/en\/investigacion\/proyectos\/proyecto-de-i-d-%e2%80%9cmarco-socio-juridico-de-la-integracion-social-de-los-inmigrantes-estudio-de-derecho-comparado-y-puntual-atencion-a-la-provincia-de-alicante%e2%80%9d\/","title":{"rendered":"<span lang=\"es\">(Espa\u00f1ol) Proyecto de I + D \u201cMarco socio-jur\u00eddico de la integraci\u00f3n social de los inmigrantes. Estudio de derecho comparado y puntual atenci\u00f3n a la provincia de Alicante\u201d<\/span>"},"content":{"rendered":"<p class=\"qtranxs-available-languages-message qtranxs-available-languages-message-en\">Sorry, this entry is only available in <a href=\"https:\/\/derechointernacionalprivado.umh.es\/es\/wp-json\/wp\/v2\/pages\/21\" class=\"qtranxs-available-language-link qtranxs-available-language-link-es\" title=\"Espa\u00f1ol\">European Spanish<\/a>.<\/p>","protected":false},"excerpt":{"rendered":"<p>Sorry, this entry is only available in European Spanish.<\/p>\n","protected":false},"author":2794,"featured_media":0,"parent":18,"menu_order":0,"comment_status":"closed","ping_status":"open","template":"","meta":{"_links_to":"","_links_to_target":""},"_links":{"self":[{"href":"https:\/\/derechointernacionalprivado.umh.es\/en\/wp-json\/wp\/v2\/pages\/21"}],"collection":[{"href":"https:\/\/derechointernacionalprivado.umh.es\/en\/wp-json\/wp\/v2\/pages"}],"about":[{"href":"https:\/\/derechointernacionalprivado.umh.es\/en\/wp-json\/wp\/v2\/types\/page"}],"author":[{"embeddable":true,"href":"https:\/\/derechointernacionalprivado.umh.es\/en\/wp-json\/wp\/v2\/users\/2794"}],"replies":[{"embeddable":true,"href":"https:\/\/derechointernacionalprivado.umh.es\/en\/wp-json\/wp\/v2\/comments?post=21"}],"version-history":[{"count":0,"href":"https:\/\/derechointernacionalprivado.umh.es\/en\/wp-json\/wp\/v2\/pages\/21\/revisions"}],"up":[{"embeddable":true,"href":"https:\/\/derechointernacionalprivado.umh.es\/en\/wp-json\/wp\/v2\/pages\/18"}],"wp:attachment":[{"href":"https:\/\/derechointernacionalprivado.umh.es\/en\/wp-json\/wp\/v2\/media?parent=21"}],"curies":[{"name":"wp","href":"https:\/\/api.w.org\/{rel}","templated":true}]}}