{"id":20,"date":"2013-05-28T14:35:54","date_gmt":"2013-05-28T12:35:54","guid":{"rendered":"http:\/\/derechointernacionalprivado.umh.es\/investigacion\/proyectos\/realizacion-de-una-publicacion-conjunta-multidisciplinar-desde-el-punto-de-vista-historico-juridico-y-economico-de-la-inmigracion-en-la-comunidad-valenciana-con-el-titulo-%e2%80%9cla-inmigr"},"modified":"2013-05-28T14:36:03","modified_gmt":"2013-05-28T12:36:03","slug":"realizacion-de-una-publicacion-conjunta-multidisciplinar-desde-el-punto-de-vista-historico-juridico-y-economico-de-la-inmigracion-en-la-comunidad-valenciana-con-el-titulo-%e2%80%9cla-inmigracion-en","status":"publish","type":"page","link":"https:\/\/derechointernacionalprivado.umh.es\/ca\/investigacion\/proyectos\/realizacion-de-una-publicacion-conjunta-multidisciplinar-desde-el-punto-de-vista-historico-juridico-y-economico-de-la-inmigracion-en-la-comunidad-valenciana-con-el-titulo-%e2%80%9cla-inmigracion-en\/","title":{"rendered":"<span lang=\"es\">(Espa\u00f1ol) Realizaci\u00f3n de una publicaci\u00f3n conjunta multidisciplinar desde el punto de vista hist\u00f3rico, jur\u00eddico y econ\u00f3mico de la inmigraci\u00f3n en la Comunidad Valenciana, con el t\u00edtulo: \u201cLa inmigraci\u00f3n en la Comunidad Valenciana. Un estudio multidisciplinar&#8221;<\/span>"},"content":{"rendered":"<p><\/p>\n<p><\/p>","protected":false},"excerpt":{"rendered":"","protected":false},"author":2794,"featured_media":0,"parent":18,"menu_order":0,"comment_status":"closed","ping_status":"open","template":"","meta":{"_links_to":"","_links_to_target":""},"_links":{"self":[{"href":"https:\/\/derechointernacionalprivado.umh.es\/ca\/wp-json\/wp\/v2\/pages\/20"}],"collection":[{"href":"https:\/\/derechointernacionalprivado.umh.es\/ca\/wp-json\/wp\/v2\/pages"}],"about":[{"href":"https:\/\/derechointernacionalprivado.umh.es\/ca\/wp-json\/wp\/v2\/types\/page"}],"author":[{"embeddable":true,"href":"https:\/\/derechointernacionalprivado.umh.es\/ca\/wp-json\/wp\/v2\/users\/2794"}],"replies":[{"embeddable":true,"href":"https:\/\/derechointernacionalprivado.umh.es\/ca\/wp-json\/wp\/v2\/comments?post=20"}],"version-history":[{"count":0,"href":"https:\/\/derechointernacionalprivado.umh.es\/ca\/wp-json\/wp\/v2\/pages\/20\/revisions"}],"up":[{"embeddable":true,"href":"https:\/\/derechointernacionalprivado.umh.es\/ca\/wp-json\/wp\/v2\/pages\/18"}],"wp:attachment":[{"href":"https:\/\/derechointernacionalprivado.umh.es\/ca\/wp-json\/wp\/v2\/media?parent=20"}],"curies":[{"name":"wp","href":"https:\/\/api.w.org\/{rel}","templated":true}]}}