{"id":19,"date":"2013-05-28T14:34:54","date_gmt":"2013-05-28T12:34:54","guid":{"rendered":"http:\/\/derechointernacionalprivado.umh.es\/investigacion\/proyectos\/linea-de-accion-%e2%80%9cderecho-internacional-privado-en-la-sociedad-de-la-informacion-acciones-de-cesacion-en-el-comercio-electronico%e2%80%9d-en-el-marco-de-las-actividades-del-proyecto-"},"modified":"2013-05-28T14:34:54","modified_gmt":"2013-05-28T12:34:54","slug":"linea-de-accion-%e2%80%9cderecho-internacional-privado-en-la-sociedad-de-la-informacion-acciones-de-cesacion-en-el-comercio-electronico%e2%80%9d-en-el-marco-de-las-actividades-del-proyecto-intellect","status":"publish","type":"page","link":"https:\/\/derechointernacionalprivado.umh.es\/ca\/investigacion\/proyectos\/linea-de-accion-%e2%80%9cderecho-internacional-privado-en-la-sociedad-de-la-informacion-acciones-de-cesacion-en-el-comercio-electronico%e2%80%9d-en-el-marco-de-las-actividades-del-proyecto-intellect\/","title":{"rendered":"<span lang=\"es\">(Espa\u00f1ol) L\u00ednea de Acci\u00f3n \u201cDerecho internacional privado en la sociedad de la informaci\u00f3n: acciones de cesaci\u00f3n en el comercio electr\u00f3nico\u201d, en el marco de las actividades del Proyecto Intellectual Property Rights Helpdesk (IPR Helpdesk), financiado por la Comisi\u00f3n Europea<\/span>"},"content":{"rendered":"<p class=\"qtranxs-available-languages-message qtranxs-available-languages-message-ca\">Ho sentim, aquesta entrada es troba disponible \u00fanicament en <a href=\"https:\/\/derechointernacionalprivado.umh.es\/es\/wp-json\/wp\/v2\/pages\/19\" class=\"qtranxs-available-language-link qtranxs-available-language-link-es\" title=\"Espa\u00f1ol\">Espanyol Europeu<\/a>.<\/p>","protected":false},"excerpt":{"rendered":"<p>Ho sentim, aquesta entrada es troba disponible \u00fanicament en Espanyol Europeu.<\/p>\n","protected":false},"author":2794,"featured_media":0,"parent":18,"menu_order":0,"comment_status":"closed","ping_status":"open","template":"","meta":{"_links_to":"","_links_to_target":""},"_links":{"self":[{"href":"https:\/\/derechointernacionalprivado.umh.es\/ca\/wp-json\/wp\/v2\/pages\/19"}],"collection":[{"href":"https:\/\/derechointernacionalprivado.umh.es\/ca\/wp-json\/wp\/v2\/pages"}],"about":[{"href":"https:\/\/derechointernacionalprivado.umh.es\/ca\/wp-json\/wp\/v2\/types\/page"}],"author":[{"embeddable":true,"href":"https:\/\/derechointernacionalprivado.umh.es\/ca\/wp-json\/wp\/v2\/users\/2794"}],"replies":[{"embeddable":true,"href":"https:\/\/derechointernacionalprivado.umh.es\/ca\/wp-json\/wp\/v2\/comments?post=19"}],"version-history":[{"count":0,"href":"https:\/\/derechointernacionalprivado.umh.es\/ca\/wp-json\/wp\/v2\/pages\/19\/revisions"}],"up":[{"embeddable":true,"href":"https:\/\/derechointernacionalprivado.umh.es\/ca\/wp-json\/wp\/v2\/pages\/18"}],"wp:attachment":[{"href":"https:\/\/derechointernacionalprivado.umh.es\/ca\/wp-json\/wp\/v2\/media?parent=19"}],"curies":[{"name":"wp","href":"https:\/\/api.w.org\/{rel}","templated":true}]}}